{"id":1533,"date":"2016-02-14T08:20:43","date_gmt":"2016-02-14T07:20:43","guid":{"rendered":"http:\/\/www.vonborwitz.eu\/wordpress\/?page_id=1533"},"modified":"2016-03-02T14:45:22","modified_gmt":"2016-03-02T13:45:22","slug":"news","status":"publish","type":"page","link":"http:\/\/www.vonborwitz.eu\/wordpress\/news\/","title":{"rendered":"News"},"content":{"rendered":"<p><strong>Neue Ausstellung<\/strong><\/p>\n<p><a href=\"http:\/\/www.vonborwitz.eu\/wordpress\/galerie\/tierisches\/31_fliege_auf_wohnungssuche_27x36_300\/#main\" rel=\"attachment wp-att-795\"><img loading=\"lazy\" class=\"alignnone size-thumbnail wp-image-795\" src=\"http:\/\/www.vonborwitz.eu\/wordpress\/wp-content\/uploads\/2016\/01\/31_Fliege_auf_Wohnungssuche_27x36_300-150x150.jpg\" alt=\"31_Fliege_auf_Wohnungssuche_27x36_300\" width=\"150\" height=\"150\" data-id=\"795\" \/><\/a><\/p>\n<p>In der M\u00e4rkischen Apotheke, in 14089 Berlin-Kladow,<br \/>\nKladower Damm 366<br \/>\nl\u00e4uft vom 12. Februar bis 18. M\u00e4rz 2016 eine kleine Ausstellung<br \/>\nmit sieben Bildern unter dem Motto<br \/>\n\u201eTierisches\u201c<br \/>\nvon J\u00fcrgen von Borwiz.<br \/>\nSie ist w\u00e4hrend den \u00fcblichen Gesch\u00e4ftzeiten<br \/>\nMontag bis Samstag zu besichtigen.<\/p>\n    <!-- sktbuilder starter --><script type=\"text\/javascript\" src=\"http:\/\/www.vonborwitz.eu\/wordpress\/wp-content\/plugins\/skt-builder\/sktbuilder\/sktbuilder-frontend-starter.js\"><\/script><script type=\"text\/javascript\" src=\"http:\/\/www.vonborwitz.eu\/wordpress\/wp-content\/plugins\/skt-builder\/sktbuilder-wordpress-driver.js\"><\/script><script type=\"text\/javascript\"> var starter = new SktbuilderStarter({\"mode\": \"prod\", \"skip\":[\"jquery\",\"underscore\",\"backbone\"],\"sktbuilderUrl\": \"http:\/\/www.vonborwitz.eu\/wordpress\/wp-content\/plugins\/skt-builder\/sktbuilder\/\", \"driver\": new SktbuilderWordpressDriver({\"ajaxUrl\": \"http:\/\/www.vonborwitz.eu\/wordpress\/wp-admin\/admin-ajax.php\", \"iframeUrl\": \"http:\/\/www.vonborwitz.eu\/wordpress\/news\/?sktbuilder=true\", \"pageId\": 1533, \"pages\": [], \"page\": \"News\" }) });<\/script><!-- end sktbuilder starter -->","protected":false},"excerpt":{"rendered":"<p>Neue Ausstellung In der M\u00e4rkischen Apotheke, in 14089 Berlin-Kladow, Kladower Damm 366 l\u00e4uft vom 12. Februar bis 18. M\u00e4rz 2016 eine kleine Ausstellung mit sieben Bildern unter dem Motto \u201eTierisches\u201c von J\u00fcrgen von Borwiz. Sie ist w\u00e4hrend den \u00fcblichen Gesch\u00e4ftzeiten Montag bis Samstag zu besichtigen.<\/p>\n","protected":false},"author":1,"featured_media":795,"parent":0,"menu_order":7,"comment_status":"closed","ping_status":"closed","template":"blog-nosidebar.php","meta":{"ngg_post_thumbnail":0,"spay_email":""},"yoast_head":"<!-- This site is optimized with the Yoast SEO plugin v17.8 - https:\/\/yoast.com\/wordpress\/plugins\/seo\/ -->\n<title>News - Foto JvB<\/title>\n<meta name=\"robots\" content=\"index, follow, max-snippet:-1, max-image-preview:large, max-video-preview:-1\" \/>\n<link rel=\"canonical\" href=\"http:\/\/www.vonborwitz.eu\/wordpress\/news\/\" \/>\n<meta property=\"og:locale\" content=\"de_DE\" \/>\n<meta property=\"og:type\" content=\"article\" \/>\n<meta property=\"og:title\" content=\"News - Foto JvB\" \/>\n<meta property=\"og:description\" content=\"Neue Ausstellung In der M\u00e4rkischen Apotheke, in 14089 Berlin-Kladow, Kladower Damm 366 l\u00e4uft vom 12. Februar bis 18. M\u00e4rz 2016 eine kleine Ausstellung mit sieben Bildern unter dem Motto \u201eTierisches\u201c von J\u00fcrgen von Borwiz. Sie ist w\u00e4hrend den \u00fcblichen Gesch\u00e4ftzeiten Montag bis Samstag zu besichtigen.\" \/>\n<meta property=\"og:url\" content=\"http:\/\/www.vonborwitz.eu\/wordpress\/news\/\" \/>\n<meta property=\"og:site_name\" content=\"Foto JvB\" \/>\n<meta property=\"article:modified_time\" content=\"2016-03-02T13:45:22+00:00\" \/>\n<meta property=\"og:image\" content=\"http:\/\/www.vonborwitz.eu\/wordpress\/wp-content\/uploads\/2016\/01\/31_Fliege_auf_Wohnungssuche_27x36_300.jpg\" \/>\n\t<meta property=\"og:image:width\" content=\"800\" \/>\n\t<meta property=\"og:image:height\" content=\"600\" \/>\n<meta name=\"twitter:card\" content=\"summary\" \/>\n<script type=\"application\/ld+json\" class=\"yoast-schema-graph\">{\"@context\":\"https:\/\/schema.org\",\"@graph\":[{\"@type\":\"WebSite\",\"@id\":\"http:\/\/www.vonborwitz.eu\/wordpress\/#website\",\"url\":\"http:\/\/www.vonborwitz.eu\/wordpress\/\",\"name\":\"Foto JvB\",\"description\":\"WordPress-Seite JvB\",\"potentialAction\":[{\"@type\":\"SearchAction\",\"target\":{\"@type\":\"EntryPoint\",\"urlTemplate\":\"http:\/\/www.vonborwitz.eu\/wordpress\/?s={search_term_string}\"},\"query-input\":\"required name=search_term_string\"}],\"inLanguage\":\"de\"},{\"@type\":\"ImageObject\",\"@id\":\"http:\/\/www.vonborwitz.eu\/wordpress\/news\/#primaryimage\",\"inLanguage\":\"de\",\"url\":\"http:\/\/www.vonborwitz.eu\/wordpress\/wp-content\/uploads\/2016\/01\/31_Fliege_auf_Wohnungssuche_27x36_300.jpg\",\"contentUrl\":\"http:\/\/www.vonborwitz.eu\/wordpress\/wp-content\/uploads\/2016\/01\/31_Fliege_auf_Wohnungssuche_27x36_300.jpg\",\"width\":800,\"height\":600},{\"@type\":\"WebPage\",\"@id\":\"http:\/\/www.vonborwitz.eu\/wordpress\/news\/#webpage\",\"url\":\"http:\/\/www.vonborwitz.eu\/wordpress\/news\/\",\"name\":\"News - Foto JvB\",\"isPartOf\":{\"@id\":\"http:\/\/www.vonborwitz.eu\/wordpress\/#website\"},\"primaryImageOfPage\":{\"@id\":\"http:\/\/www.vonborwitz.eu\/wordpress\/news\/#primaryimage\"},\"datePublished\":\"2016-02-14T07:20:43+00:00\",\"dateModified\":\"2016-03-02T13:45:22+00:00\",\"breadcrumb\":{\"@id\":\"http:\/\/www.vonborwitz.eu\/wordpress\/news\/#breadcrumb\"},\"inLanguage\":\"de\",\"potentialAction\":[{\"@type\":\"ReadAction\",\"target\":[\"http:\/\/www.vonborwitz.eu\/wordpress\/news\/\"]}]},{\"@type\":\"BreadcrumbList\",\"@id\":\"http:\/\/www.vonborwitz.eu\/wordpress\/news\/#breadcrumb\",\"itemListElement\":[{\"@type\":\"ListItem\",\"position\":1,\"name\":\"Startseite\",\"item\":\"http:\/\/www.vonborwitz.eu\/wordpress\/\"},{\"@type\":\"ListItem\",\"position\":2,\"name\":\"News\"}]}]}<\/script>\n<!-- \/ Yoast SEO plugin. -->","yoast_head_json":{"title":"News - Foto JvB","robots":{"index":"index","follow":"follow","max-snippet":"max-snippet:-1","max-image-preview":"max-image-preview:large","max-video-preview":"max-video-preview:-1"},"canonical":"http:\/\/www.vonborwitz.eu\/wordpress\/news\/","og_locale":"de_DE","og_type":"article","og_title":"News - Foto JvB","og_description":"Neue Ausstellung In der M\u00e4rkischen Apotheke, in 14089 Berlin-Kladow, Kladower Damm 366 l\u00e4uft vom 12. Februar bis 18. M\u00e4rz 2016 eine kleine Ausstellung mit sieben Bildern unter dem Motto \u201eTierisches\u201c von J\u00fcrgen von Borwiz. Sie ist w\u00e4hrend den \u00fcblichen Gesch\u00e4ftzeiten Montag bis Samstag zu besichtigen.","og_url":"http:\/\/www.vonborwitz.eu\/wordpress\/news\/","og_site_name":"Foto JvB","article_modified_time":"2016-03-02T13:45:22+00:00","og_image":[{"width":800,"height":600,"url":"http:\/\/www.vonborwitz.eu\/wordpress\/wp-content\/uploads\/2016\/01\/31_Fliege_auf_Wohnungssuche_27x36_300.jpg","type":"image\/jpeg"}],"twitter_card":"summary","schema":{"@context":"https:\/\/schema.org","@graph":[{"@type":"WebSite","@id":"http:\/\/www.vonborwitz.eu\/wordpress\/#website","url":"http:\/\/www.vonborwitz.eu\/wordpress\/","name":"Foto JvB","description":"WordPress-Seite JvB","potentialAction":[{"@type":"SearchAction","target":{"@type":"EntryPoint","urlTemplate":"http:\/\/www.vonborwitz.eu\/wordpress\/?s={search_term_string}"},"query-input":"required name=search_term_string"}],"inLanguage":"de"},{"@type":"ImageObject","@id":"http:\/\/www.vonborwitz.eu\/wordpress\/news\/#primaryimage","inLanguage":"de","url":"http:\/\/www.vonborwitz.eu\/wordpress\/wp-content\/uploads\/2016\/01\/31_Fliege_auf_Wohnungssuche_27x36_300.jpg","contentUrl":"http:\/\/www.vonborwitz.eu\/wordpress\/wp-content\/uploads\/2016\/01\/31_Fliege_auf_Wohnungssuche_27x36_300.jpg","width":800,"height":600},{"@type":"WebPage","@id":"http:\/\/www.vonborwitz.eu\/wordpress\/news\/#webpage","url":"http:\/\/www.vonborwitz.eu\/wordpress\/news\/","name":"News - Foto JvB","isPartOf":{"@id":"http:\/\/www.vonborwitz.eu\/wordpress\/#website"},"primaryImageOfPage":{"@id":"http:\/\/www.vonborwitz.eu\/wordpress\/news\/#primaryimage"},"datePublished":"2016-02-14T07:20:43+00:00","dateModified":"2016-03-02T13:45:22+00:00","breadcrumb":{"@id":"http:\/\/www.vonborwitz.eu\/wordpress\/news\/#breadcrumb"},"inLanguage":"de","potentialAction":[{"@type":"ReadAction","target":["http:\/\/www.vonborwitz.eu\/wordpress\/news\/"]}]},{"@type":"BreadcrumbList","@id":"http:\/\/www.vonborwitz.eu\/wordpress\/news\/#breadcrumb","itemListElement":[{"@type":"ListItem","position":1,"name":"Startseite","item":"http:\/\/www.vonborwitz.eu\/wordpress\/"},{"@type":"ListItem","position":2,"name":"News"}]}]}},"jetpack_sharing_enabled":true,"jetpack_shortlink":"https:\/\/wp.me\/P9B7rX-oJ","_links":{"self":[{"href":"http:\/\/www.vonborwitz.eu\/wordpress\/wp-json\/wp\/v2\/pages\/1533"}],"collection":[{"href":"http:\/\/www.vonborwitz.eu\/wordpress\/wp-json\/wp\/v2\/pages"}],"about":[{"href":"http:\/\/www.vonborwitz.eu\/wordpress\/wp-json\/wp\/v2\/types\/page"}],"author":[{"embeddable":true,"href":"http:\/\/www.vonborwitz.eu\/wordpress\/wp-json\/wp\/v2\/users\/1"}],"replies":[{"embeddable":true,"href":"http:\/\/www.vonborwitz.eu\/wordpress\/wp-json\/wp\/v2\/comments?post=1533"}],"version-history":[{"count":3,"href":"http:\/\/www.vonborwitz.eu\/wordpress\/wp-json\/wp\/v2\/pages\/1533\/revisions"}],"predecessor-version":[{"id":2745,"href":"http:\/\/www.vonborwitz.eu\/wordpress\/wp-json\/wp\/v2\/pages\/1533\/revisions\/2745"}],"wp:featuredmedia":[{"embeddable":true,"href":"http:\/\/www.vonborwitz.eu\/wordpress\/wp-json\/wp\/v2\/media\/795"}],"wp:attachment":[{"href":"http:\/\/www.vonborwitz.eu\/wordpress\/wp-json\/wp\/v2\/media?parent=1533"}],"curies":[{"name":"wp","href":"https:\/\/api.w.org\/{rel}","templated":true}]}}